{"id":56,"date":"2022-01-28T15:23:23","date_gmt":"2022-01-28T12:23:23","guid":{"rendered":"http:\/\/kariyermutfakblog.com\/?page_id=56"},"modified":"2022-04-27T15:06:41","modified_gmt":"2022-04-27T12:06:41","slug":"hakkimizda","status":"publish","type":"page","link":"https:\/\/kariyermutfakblog.com\/?page_id=56","title":{"rendered":"Hakk\u0131m\u0131zda"},"content":{"rendered":"\n<h3 class=\"wp-block-heading\">Hakk\u0131m\u0131zda<\/h3>\n\n\n\n<div class=\"wp-block-group\"><div class=\"wp-block-group__inner-container is-layout-flow wp-block-group-is-layout-flow\">\n<p style=\"text-align: justify;\">2014 y\u0131l\u0131ndan beri T\u00fcrkiye\u2019de 80&#8217;den fazla \u00fclkeye ihracat yapan, online al\u0131\u015fveri\u015fin end\u00fcstriyel mutfak alan\u0131nda en g\u00fc\u00e7l\u00fc ismiyiz.<br>Kurdu\u011fumuz hayaller ve ula\u015ft\u0131\u011f\u0131m\u0131z hedeflerle bug\u00fcnlere ula\u015ft\u0131k. End\u00fcstriyel mutfak \u00fcr\u00fcnlerini online al\u0131\u015fveri\u015fe ta\u015f\u0131yarak kaliteli bir hizmet sunmak ve bu sekt\u00f6rdeki 10 y\u0131l\u0131 a\u015fk\u0131n tecr\u00fcbemizi siz de\u011ferli m\u00fc\u015fterilerimize sunmaktan onur duyuyoruz.<br>Bug\u00fcn T\u00fcrkiye\u2019de end\u00fcstriyel mutfak alan\u0131nda online al\u0131\u015fveri\u015fin lider isimlerinden biri olarak 50 kategoride 7000&#8217;in \u00fczerinde \u00fcr\u00fcn\u00fcm\u00fczle end\u00fcstriyel mutfak alan\u0131nda E-ticareti : Siz de\u011ferli m\u00fc\u015fterilerimize sevdirmekle kalmad\u0131k, vazge\u00e7ilmeze d\u00f6n\u00fc\u015ft\u00fcrd\u00fck.<br>\u00d6nceli\u011fimiz \u00fcyelerimize ve m\u00fc\u015fterilerimize nerede olurlarsa olsunlar, en iyi \u00fcr\u00fcn\u00fc en uygun fiyatla ula\u015ft\u0131rmak i\u00e7in \u00e7al\u0131\u015f\u0131yoruz.<br>B\u00fcy\u00fcmeye ve E-ticareti b\u00fcy\u00fctmeye devam ediyoruz.<\/p>\n<p><\/p>\n<\/div><\/div>\n\n\n<p><!-- \/wp:group --><\/p>\n<p><!-- wp:heading --><\/p>\n<h2>Kariyer Mutfak E-Ticaret \u015eirketi Olarak;<\/h2>\n<p><!-- \/wp:heading --><\/p>\n<p><!-- wp:paragraph --><\/p>\n<p>T\u00fcrkiye&#8217;nin En B\u00fcy\u00fck Markalar\u0131n\u0131 ve En Kaliteli \u00dcr\u00fcnlerini Sat\u0131yoruz !<\/p>\n<p><!-- \/wp:paragraph --><\/p>\n<p><!-- wp:paragraph --><\/p>\n<p>\u00c7al\u0131\u015ft\u0131\u011f\u0131m\u0131z markalarda arad\u0131\u011f\u0131m\u0131z en b\u00fcy\u00fck \u00f6zellik,\u00a081 ilde servis hizmeti verebiliyor olmas\u0131d\u0131r.<\/p>\n<p><!-- \/wp:paragraph --><\/p>\n<p><!-- wp:paragraph --><\/p>\n<p>M\u00fc\u015fterilerimizin hizmetine sundu\u011fumuz \u00fcr\u00fcnlerin,eksiksiz ve tam olarak ula\u015fmas\u0131n\u0131 sa\u011flar\u0131z.<\/p>\n<p><!-- \/wp:paragraph --><\/p>\n<p><!-- wp:paragraph --><\/p>\n<p>Hizmette s\u0131n\u0131rlar\u0131 kald\u0131r\u0131p s\u0131n\u0131rs\u0131z hizmet verebilmek i\u00e7in t\u00fcm g\u00fcc\u00fcm\u00fczle \u00e7al\u0131\u015f\u0131yoruz.<\/p>\n<p><!-- \/wp:paragraph --><\/p>\n<p><!-- wp:paragraph --><\/p>\n<p>Her zaman bizi tercih etti\u011finiz i\u00e7in te\u015fekk\u00fcr ederiz, iyi al\u0131\u015fveri\u015fler dileriz.<\/p>\n<p><!-- \/wp:paragraph --><\/p>\n<p><!-- wp:paragraph --><\/p>\n<p><em><img decoding=\"async\" src=\"\/Uploads\/EditorUploads\/111 (1).png\" alt=\"\" \/><\/em><\/p>\n<p><!-- \/wp:paragraph --><\/p>\n<p><!-- wp:image {\"align\":\"right\",\"id\":123,\"sizeSlug\":\"full\",\"linkDestination\":\"custom\"} --><\/p>\n<div class=\"wp-block-image\">\n<figure class=\"alignright size-full\"><img loading=\"lazy\" decoding=\"async\" class=\"alignnone wp-image-415 size-full\" src=\"https:\/\/kariyermutfakblog.com\/wp-content\/uploads\/2022\/04\/logo-wp-removebg-preview51-2.png\" alt=\"\" width=\"244\" height=\"110\" \/><\/figure>\n<\/div>\n<p><!-- \/wp:image --><\/p>","protected":false},"excerpt":{"rendered":"<p>Hakk\u0131m\u0131zda 2014 y\u0131l\u0131ndan beri T\u00fcrkiye\u2019de 80&#8217;den fazla \u00fclkeye ihracat yapan, online al\u0131\u015fveri\u015fin end\u00fcstriyel mutfak alan\u0131nda en g\u00fc\u00e7l\u00fc ismiyiz.Kurdu\u011fumuz hayaller ve ula\u015ft\u0131\u011f\u0131m\u0131z hedeflerle bug\u00fcnlere ula\u015ft\u0131k. End\u00fcstriyel mutfak \u00fcr\u00fcnlerini online al\u0131\u015fveri\u015fe ta\u015f\u0131yarak kaliteli bir hizmet sunmak ve bu sekt\u00f6rdeki 10 y\u0131l\u0131 a\u015fk\u0131n tecr\u00fcbemizi siz de\u011ferli m\u00fc\u015fterilerimize sunmaktan onur duyuyoruz.Bug\u00fcn T\u00fcrkiye\u2019de end\u00fcstriyel mutfak alan\u0131nda online al\u0131\u015fveri\u015fin lider isimlerinden<\/p>\n<p><a href=\"https:\/\/kariyermutfakblog.com\/?page_id=56\" class=\"more-link\">Daha fazlas\u0131n\u0131 oku<\/a><\/p>\n","protected":false},"author":1,"featured_media":0,"parent":0,"menu_order":0,"comment_status":"closed","ping_status":"closed","template":"","meta":{"footnotes":""},"class_list":["post-56","page","type-page","status-publish","hentry"],"_links":{"self":[{"href":"https:\/\/kariyermutfakblog.com\/index.php?rest_route=\/wp\/v2\/pages\/56"}],"collection":[{"href":"https:\/\/kariyermutfakblog.com\/index.php?rest_route=\/wp\/v2\/pages"}],"about":[{"href":"https:\/\/kariyermutfakblog.com\/index.php?rest_route=\/wp\/v2\/types\/page"}],"author":[{"embeddable":true,"href":"https:\/\/kariyermutfakblog.com\/index.php?rest_route=\/wp\/v2\/users\/1"}],"replies":[{"embeddable":true,"href":"https:\/\/kariyermutfakblog.com\/index.php?rest_route=%2Fwp%2Fv2%2Fcomments&post=56"}],"version-history":[{"count":9,"href":"https:\/\/kariyermutfakblog.com\/index.php?rest_route=\/wp\/v2\/pages\/56\/revisions"}],"predecessor-version":[{"id":416,"href":"https:\/\/kariyermutfakblog.com\/index.php?rest_route=\/wp\/v2\/pages\/56\/revisions\/416"}],"wp:attachment":[{"href":"https:\/\/kariyermutfakblog.com\/index.php?rest_route=%2Fwp%2Fv2%2Fmedia&parent=56"}],"curies":[{"name":"wp","href":"https:\/\/api.w.org\/{rel}","templated":true}]}}